{"id":17,"date":"2018-12-18T11:43:57","date_gmt":"2018-12-18T11:43:57","guid":{"rendered":"http:\/\/forumfamilie.net\/?page_id=17"},"modified":"2018-12-18T11:50:51","modified_gmt":"2018-12-18T11:50:51","slug":"arbeitsweisen-und-methoden","status":"publish","type":"page","link":"https:\/\/forumfamilie.net\/?page_id=17","title":{"rendered":"Arbeitsweisen und Methoden"},"content":{"rendered":"<div id=\"pl-17\"  class=\"panel-layout\" ><div id=\"pg-17-0\"  class=\"panel-grid panel-no-style\" ><div id=\"pgc-17-0-0\"  class=\"panel-grid-cell\" ><div id=\"panel-17-0-0-0\" class=\"so-panel widget widget_sow-editor panel-first-child panel-last-child\" data-index=\"0\" ><div class=\"so-widget-sow-editor so-widget-sow-editor-base\">\n<div class=\"siteorigin-widget-tinymce textwidget\">\n\t<p>Unsere Arbeit und beraterisch-therpeutische Haltung gr\u00fcnden dabei auf verschiedenen systemischen Theorien und Ans\u00e4tzen:<\/p>\n<p><strong>Entwicklungs- und Wachstumsorientierung (Virginia Satir):<\/strong><br \/>\nUnserer Grundhaltung in der Arbeit mit Familien ist getragen von der \u00dcberzeugung, dass Familien und Menschen stets aus sich heraus bestrebt sind, \u201egute L\u00f6sungen\u201c im Sinne von Wachstum und Entwicklung f\u00fcr sich selbst zu finden, dass diese Prozesse aber manchmal aus unterschiedlichen Gr\u00fcnden blockiert sein k\u00f6nnen.<\/p>\n<ul>\n<li>Wir sehen unsere Aufgabe darin, die Menschen darin zu unterst\u00fctzen, sich dieser \u201eguten L\u00f6sungen\u201c und der Blockaden bewusst zu werden, und sie darin zu ermutigen, die n\u00f6tigen Schritte zu gehen, um zu ihren Ressourcen und Kr\u00e4ften wieder Zugang zu finden.<\/li>\n<\/ul>\n<p>&nbsp;<\/p>\n<p><strong>Struktureller Ansatz (Salvador Minuchin):<\/strong><br \/>\nEine wichtige Bedeutung haben in den Familien die Grenzen zwischen den einzelnen Familienmitgliedern und zwischen den Subsystemen in der Familie. Dabei k\u00f6nnen Grenzen zu rigide sein und zu Ausgrenzung und Einsamkeit f\u00fchren oder zu durchl\u00e4ssig und Missbrauch und Verstrickung f\u00f6rdern.<\/p>\n<ul>\n<li>Wir helfen Familien dabei, ein Bewusstsein f\u00fcr diese Grenzen zu entwickeln und so zu korrigieren, dass eine funktionale Balance zwischen N\u00e4he und Distanz entwickelt werden kann.<\/li>\n<\/ul>\n<p>&nbsp;<\/p>\n<p><strong>Mehrgenerationenperspektive (Helm Stierlin:)<\/strong><br \/>\nWir sehen den Menschen als ein Individuum mit Wurzeln in der Vergangenheit, wobei vor allem die Vergangenheit der eigenen Familie eine wichtige Rolle spielt. Hierbei k\u00f6nnen Verstrickungen und Bindungen aus fr\u00fcheren Generationen in der Gegenwart hemmende Wirkungen haben, ohne dass der Mensch sich dessen bewusst ist.<\/p>\n<ul>\n<li>Wir unterst\u00fctzen die Familien darin, sich mit ihren Familiengeschichten vertraut zu machen und die darin entstammenden Hemmnisse zu l\u00f6sen, aber auch verborgene Kr\u00e4fte und Ressourcen zu erkennen und zu nutzen.<\/li>\n<\/ul>\n<p>&nbsp;<\/p>\n<p><strong>Kommunikationstheoretischer Ansatz (Paul Watzlawick:)<\/strong><br \/>\nDer Mensch sammelt viele Erfahrungen in der Vergangenheit, lebt aber in der Gegenwart. In der Gegenwart gestaltet er die Beziehungen zu seinem Partner und zu seinen Kindern. So entwickeln sich Kommunikationsmuster in Familien, die St\u00f6rungen hervorrufen oder aufrechterhalten k\u00f6nnen.<\/p>\n<ul>\n<li>Wir blicken deshalb gemeinsam mit den Familienmitgliedern auf diese Muster und reflektieren, welche Auswirkungen sie haben. Wir suchen nach neuen Kommunikationsmustern, die mehr Wachstum und Entwicklung erm\u00f6glichen.<\/li>\n<\/ul>\n<p>&nbsp;<\/p>\n<p><strong>L\u00f6sungsorientierung (Steve deShazer und Insoo Kim Berg):<\/strong><br \/>\nDie Entwicklung des Menschen ist immer in die Zukunft gerichtet. Deshalb unterst\u00fctzen wir unsere Klienten darin, Bilder der Zukunft zu entwickeln, die f\u00fcr sie erstrebenswert sind.<\/p>\n<ul>\n<li>Wir achten die Autonomie der Klienten, d.h. es geht nicht darum, dass Klienten sich unseren Vorstellungen gem\u00e4\u00df entwickeln und ver\u00e4ndern, sondern gem\u00e4\u00df den eigenen Zielen und Ideen.<\/li>\n<\/ul>\n<p>&nbsp;<\/p>\n<p><strong>Hypnosystemischer Ansatz (Gunther Schmidt:)<\/strong><br \/>\nWir verstehen nicht nur Familien sondern auch das Individuum als System. Somit begreifen wir Symptome wie Depression, Alkoholismus, Essst\u00f6rung etc. immer auch als Ergebnis innerpsychischer (Trance-)Prozesse.<\/p>\n<ul>\n<li>Wir unterst\u00fctzen die Klienten dabei, alte, schw\u00e4chende innere Muster zu erkennen und durch neue, kraftspendende zu ersetzen.<\/li>\n<\/ul>\n<p>&nbsp;<\/p>\n<p><strong>Konzept der elterlichen Pr\u00e4senz \u201eNeue Autorit\u00e4t\u201c (Haim Omer:)<\/strong><br \/>\nDieses Konzept bietet wichtige Anregungen, wie Eltern durch \u201eNeue Autorit\u00e4t\u201d, d.h. vor allem Pr\u00e4senz, in schwierigen Situationen ihre Handlungsf\u00e4higkeit behalten, um den Kindern und Jugendlichen Orientierung bieten zu k\u00f6nnen.<\/p>\n<ul>\n<li>Wir unterst\u00fctzen Eltern in der Haltung der elterlichen Pr\u00e4senz, Interventionsm\u00f6glichkeiten des gewaltlosen Widerstandes einzu\u00fcben, aus den Machtk\u00e4mpfen auszusteigen und Unterst\u00fctzungs-systeme zu n\u00fctzen. Eltern lernen wieder ihren Kindern und Jugendlichen mit Wertsch\u00e4tzung und Achtsamkeit zu begegnen.<\/li>\n<\/ul>\n<p>Bei all diesen Methoden und Ans\u00e4tzen sind uns Begriffe wie Wertsch\u00e4tzung,\u00a0 Achtung der Autonomie der Klienten und Respekt gegen\u00fcber den Lebensleistungen der einzelnen Familienmitglieder wichtige Leitst\u00fctzen in unserer Arbeit.<\/p>\n<\/div>\n<\/div><\/div><\/div><\/div><\/div>","protected":false},"excerpt":{"rendered":"<p>Unsere Arbeit und beraterisch-therpeutische Haltung gr\u00fcnden dabei auf verschiedenen systemischen Theorien und Ans\u00e4tzen: Entwicklungs- und Wachstumsorientierung (Virginia Satir): Unserer Grundhaltung in der Arbeit mit Familien ist getragen von der \u00dcberzeugung, dass Familien und Menschen stets aus sich heraus bestrebt sind, \u201egute L\u00f6sungen\u201c im Sinne von Wachstum und Entwicklung f\u00fcr sich selbst zu finden, dass diese [&hellip;]<\/p>\n","protected":false},"author":1,"featured_media":0,"parent":0,"menu_order":3,"comment_status":"closed","ping_status":"closed","template":"","meta":[],"_links":{"self":[{"href":"https:\/\/forumfamilie.net\/index.php?rest_route=\/wp\/v2\/pages\/17"}],"collection":[{"href":"https:\/\/forumfamilie.net\/index.php?rest_route=\/wp\/v2\/pages"}],"about":[{"href":"https:\/\/forumfamilie.net\/index.php?rest_route=\/wp\/v2\/types\/page"}],"author":[{"embeddable":true,"href":"https:\/\/forumfamilie.net\/index.php?rest_route=\/wp\/v2\/users\/1"}],"replies":[{"embeddable":true,"href":"https:\/\/forumfamilie.net\/index.php?rest_route=%2Fwp%2Fv2%2Fcomments&post=17"}],"version-history":[{"count":1,"href":"https:\/\/forumfamilie.net\/index.php?rest_route=\/wp\/v2\/pages\/17\/revisions"}],"predecessor-version":[{"id":18,"href":"https:\/\/forumfamilie.net\/index.php?rest_route=\/wp\/v2\/pages\/17\/revisions\/18"}],"wp:attachment":[{"href":"https:\/\/forumfamilie.net\/index.php?rest_route=%2Fwp%2Fv2%2Fmedia&parent=17"}],"curies":[{"name":"wp","href":"https:\/\/api.w.org\/{rel}","templated":true}]}}