{"id":20,"date":"2018-12-18T11:47:38","date_gmt":"2018-12-18T11:47:38","guid":{"rendered":"http:\/\/forumfamilie.net\/?page_id=20"},"modified":"2019-01-01T18:44:05","modified_gmt":"2019-01-01T18:44:05","slug":"home1","status":"publish","type":"page","link":"https:\/\/forumfamilie.net\/","title":{"rendered":"Home"},"content":{"rendered":"<div id=\"pl-20\"  class=\"panel-layout\" ><div id=\"pg-20-0\"  class=\"panel-grid panel-no-style\" ><div id=\"pgc-20-0-0\"  class=\"panel-grid-cell\" ><div id=\"panel-20-0-0-0\" class=\"so-panel widget widget_sow-editor panel-first-child panel-last-child\" data-index=\"0\" ><div class=\"so-widget-sow-editor so-widget-sow-editor-base\">\n<div class=\"siteorigin-widget-tinymce textwidget\">\n\t<div class='white' style='background:rgba(0,0,0,0); border:solid 0px rgba(0,0,0,0); border-radius:0px; padding:0px 0px 0px 0px;'>\n<div id='slider_134' class='owl-carousel sa_owl_theme autohide-arrows' data-slider-id='slider_134' style='visibility:hidden;'>\n<div id='slider_134_slide01' class='sa_hover_container' style='padding:5% 5%; margin:0px 0%; background-image:url(&quot;https:\/\/forumfamilie.net\/wp-content\/uploads\/2019\/01\/clearing2.jpg&quot;); background-position:center top; background-size:100% auto; background-repeat:no-repeat; '><h2 style=\"text-align: center;\"><a href=\"https:\/\/forumfamilie.net\/?page_id=31\"><span style=\"color: #999999;\"><span style=\"color: #000000;\">Clearing<\/span><\/span><\/a><\/h2>\r\n<p>&nbsp;<\/p>\r\n<p>&nbsp;<\/p>\r\n<p>&nbsp;<\/p>\r\n\r\n<\/div>\n<div id='slider_134_slide02' class='sa_hover_container' style='padding:5% 5%; margin:0px 0%; background-image:url(&quot;https:\/\/forumfamilie.net\/wp-content\/uploads\/2019\/01\/SPFH2.jpg&quot;); background-position:center top; background-size:100% auto; background-repeat:no-repeat; '><h2 style=\"text-align: center;\"><a href=\"https:\/\/forumfamilie.net\/?page_id=35\"><span style=\"color: #999999;\"><span style=\"color: #000000;\">Systemische SPFH<\/span><\/span><\/a><\/h2>\r\n<p>&nbsp;<\/p>\r\n<p>&nbsp;<\/p>\r\n<p>&nbsp;<\/p>\r\n<\/div>\n<div id='slider_134_slide03' class='sa_hover_container' style='padding:5% 5%; margin:0px 0%; background-image:url(&quot;https:\/\/forumfamilie.net\/wp-content\/uploads\/2019\/01\/therapie2.jpg&quot;); background-position:left top; background-size:100% auto; background-repeat:no-repeat; '><h2 class=\"entry-title\" style=\"text-align: center;\"><a href=\"https:\/\/forumfamilie.net\/?page_id=33\"><span style=\"color: #999999;\"><span style=\"color: #000000;\">Aufsuchende Familientherapie<\/span><\/span><\/a><\/h2>\r\n<p>&nbsp;<\/p>\r\n<p>&nbsp;<\/p>\r\n<p>&nbsp;<\/p>\r\n<\/div>\n<\/div>\n<\/div>\n<script type='text\/javascript'>\n\tjQuery(document).ready(function() {\n\t\tjQuery('#slider_134').owlCarousel({\n\t\t\titems : 1,\n\t\t\tanimateOut : 'fadeOut',\n\t\t\tsmartSpeed : 800,\n\t\t\tautoplay : true,\n\t\t\tautoplayTimeout : 3500,\n\t\t\tautoplayHoverPause : false,\n\t\t\tsmartSpeed : 800,\n\t\t\tfluidSpeed : 800,\n\t\t\tautoplaySpeed : 800,\n\t\t\tnavSpeed : 800,\n\t\t\tdotsSpeed : 800,\n\t\t\tloop : true,\n\t\t\tnav : false,\n\t\t\tnavText : ['Previous','Next'],\n\t\t\tdots : false,\n\t\t\tresponsiveRefreshRate : 200,\n\t\t\tslideBy : 1,\n\t\t\tmergeFit : true,\n\t\t\tautoHeight : false,\n\t\t\tmouseDrag : false,\n\t\t\ttouchDrag : true\n\t\t});\n\t\tjQuery('#slider_134').css('visibility', 'visible');\n\t\tvar owl_goto = jQuery('#slider_134');\n\t\tjQuery('.slider_134_goto1').click(function(event){\n\t\t\towl_goto.trigger('to.owl.carousel', 0);\n\t\t});\n\t\tjQuery('.slider_134_goto2').click(function(event){\n\t\t\towl_goto.trigger('to.owl.carousel', 1);\n\t\t});\n\t\tjQuery('.slider_134_goto3').click(function(event){\n\t\t\towl_goto.trigger('to.owl.carousel', 2);\n\t\t});\n\t\tvar resize_134 = jQuery('.owl-carousel');\n\t\tresize_134.on('initialized.owl.carousel', function(e) {\n\t\t\tif (typeof(Event) === 'function') {\n\t\t\t\twindow.dispatchEvent(new Event('resize'));\n\t\t\t} else {\n\t\t\t\tvar evt = window.document.createEvent('UIEvents');\n\t\t\t\tevt.initUIEvent('resize', true, false, window, 0);\n\t\t\t\twindow.dispatchEvent(evt);\n\t\t\t}\n\t\t});\n\t});\n<\/script>\n\n<\/div>\n<\/div><\/div><\/div><\/div><div id=\"pg-20-1\"  class=\"panel-grid panel-no-style\" ><div id=\"pgc-20-1-0\"  class=\"panel-grid-cell\" ><div id=\"panel-20-1-0-0\" class=\"so-panel widget widget_sow-editor panel-first-child panel-last-child\" data-index=\"1\" ><div class=\"so-widget-sow-editor so-widget-sow-editor-base\">\n<div class=\"siteorigin-widget-tinymce textwidget\">\n\t<p>&nbsp;<\/p>\n<\/div>\n<\/div><\/div><\/div><\/div><div id=\"pg-20-2\"  class=\"panel-grid panel-no-style\" ><div id=\"pgc-20-2-0\"  class=\"panel-grid-cell\" ><div id=\"panel-20-2-0-0\" class=\"so-panel widget widget_sow-editor panel-first-child panel-last-child\" data-index=\"2\" ><div class=\"so-widget-sow-editor so-widget-sow-editor-base\"><h3 class=\"widget-title\">Home<\/h3>\n<div class=\"siteorigin-widget-tinymce textwidget\">\n\t<p>Im Laufe der letzten Jahre wurde die systemische Perspektive mehr und mehr zu einem Leitparadigma in der sozialen Arbeit. Ausgangspunkt dieser Entwicklung war zum einen eine starke Zunahme der Familien mit von seelischer Behinderung bedrohter Kinder. Parallel dazu verst\u00e4rkte sich bei den Professionellen in der sozialen Arbeit die Erfahrung, dass diese Ma\u00dfnahmen h\u00e4ufig scheiterten oder nur eingeschr\u00e4nkte Erfolge brachten, wenn sich die Arbeit auf die Kinder und Jugendlichen beschr\u00e4nkte und die Familien nicht substantiell mit einbezogen wurden.<\/p>\n<p>&nbsp;<\/p>\n<p>&nbsp;<\/p>\n<p>&nbsp;<\/p>\n<p>&nbsp;<\/p>\n<p>&nbsp;<\/p>\n<p>&nbsp;<\/p>\n<\/div>\n<\/div><\/div><\/div><\/div><\/div>","protected":false},"excerpt":{"rendered":"<p>&nbsp;<\/p>\n","protected":false},"author":1,"featured_media":0,"parent":0,"menu_order":0,"comment_status":"closed","ping_status":"closed","template":"","meta":[],"_links":{"self":[{"href":"https:\/\/forumfamilie.net\/index.php?rest_route=\/wp\/v2\/pages\/20"}],"collection":[{"href":"https:\/\/forumfamilie.net\/index.php?rest_route=\/wp\/v2\/pages"}],"about":[{"href":"https:\/\/forumfamilie.net\/index.php?rest_route=\/wp\/v2\/types\/page"}],"author":[{"embeddable":true,"href":"https:\/\/forumfamilie.net\/index.php?rest_route=\/wp\/v2\/users\/1"}],"replies":[{"embeddable":true,"href":"https:\/\/forumfamilie.net\/index.php?rest_route=%2Fwp%2Fv2%2Fcomments&post=20"}],"version-history":[{"count":24,"href":"https:\/\/forumfamilie.net\/index.php?rest_route=\/wp\/v2\/pages\/20\/revisions"}],"predecessor-version":[{"id":140,"href":"https:\/\/forumfamilie.net\/index.php?rest_route=\/wp\/v2\/pages\/20\/revisions\/140"}],"wp:attachment":[{"href":"https:\/\/forumfamilie.net\/index.php?rest_route=%2Fwp%2Fv2%2Fmedia&parent=20"}],"curies":[{"name":"wp","href":"https:\/\/api.w.org\/{rel}","templated":true}]}}