{"id":25,"date":"2018-12-18T11:50:02","date_gmt":"2018-12-18T11:50:02","guid":{"rendered":"http:\/\/forumfamilie.net\/?page_id=25"},"modified":"2019-01-04T19:34:50","modified_gmt":"2019-01-04T19:34:50","slug":"ziele-unserer-arbeit1","status":"publish","type":"page","link":"https:\/\/forumfamilie.net\/?page_id=25","title":{"rendered":"Ziele unserer Arbeit"},"content":{"rendered":"<div id=\"pl-25\"  class=\"panel-layout\" ><div id=\"pg-25-0\"  class=\"panel-grid panel-no-style\" ><div id=\"pgc-25-0-0\"  class=\"panel-grid-cell\" ><div id=\"panel-25-0-0-0\" class=\"so-panel widget widget_sow-editor panel-first-child panel-last-child\" data-index=\"0\" ><div class=\"so-widget-sow-editor so-widget-sow-editor-base\">\n<div class=\"siteorigin-widget-tinymce textwidget\">\n\t<p>Im Laufe der letzten Jahre wurde die systemische Perspektive mehr und mehr zu einem Leitparadigma in der sozialen Arbeit. Ausgangspunkt dieser Entwicklung war zum einen eine starke Zunahme der Familien mit von seelischer Behinderung bedrohter Kinder. Parallel dazu verst\u00e4rkte sich bei den Professionellen in der sozialen Arbeit die Erfahrung, dass diese Ma\u00dfnahmen h\u00e4ufig scheiterten oder nur eingeschr\u00e4nkte Erfolge brachten, wenn sich die Arbeit auf die Kinder und Jugendlichen beschr\u00e4nkte und die Familien nicht substantiell mit einbezogen wurden.<br \/>\nDie systemische Perspektive bringt diese beiden Aspekte zusammen und bietet einen Arbeitsansatz, der die Familien als Kooperationspartner versteht und nach Wegen sucht, die Familien in ihren Leistungen zu w\u00fcrdigen und die F\u00e4higkeiten zur funktionalen Selbstorganisation zu st\u00e4rken.<br \/>\nWir m\u00f6chten unsere Erfahrungen deshalb dazu nutzen, vielf\u00e4ltige und passgenaue Angebote f\u00fcr die Familien zu entwickeln, um den Gewinn der Familien an Kompetenz und Lebensqualit\u00e4t m\u00f6glichst gro\u00df und die finanziellen Kosten auf Seite der \u00c4mter m\u00f6glichst gering zu halten.<\/p>\n<p>&nbsp;<\/p>\n<p>&nbsp;<\/p>\n<p>&nbsp;<\/p>\n<p>&nbsp;<\/p>\n<\/div>\n<\/div><\/div><\/div><\/div><\/div>","protected":false},"excerpt":{"rendered":"<p>Im Laufe der letzten Jahre wurde die systemische Perspektive mehr und mehr zu einem Leitparadigma in der sozialen Arbeit. Ausgangspunkt dieser Entwicklung war zum einen eine starke Zunahme der Familien mit von seelischer Behinderung bedrohter Kinder. Parallel dazu verst\u00e4rkte sich bei den Professionellen in der sozialen Arbeit die Erfahrung, dass diese Ma\u00dfnahmen h\u00e4ufig scheiterten oder [&hellip;]<\/p>\n","protected":false},"author":1,"featured_media":0,"parent":0,"menu_order":2,"comment_status":"closed","ping_status":"closed","template":"","meta":[],"_links":{"self":[{"href":"https:\/\/forumfamilie.net\/index.php?rest_route=\/wp\/v2\/pages\/25"}],"collection":[{"href":"https:\/\/forumfamilie.net\/index.php?rest_route=\/wp\/v2\/pages"}],"about":[{"href":"https:\/\/forumfamilie.net\/index.php?rest_route=\/wp\/v2\/types\/page"}],"author":[{"embeddable":true,"href":"https:\/\/forumfamilie.net\/index.php?rest_route=\/wp\/v2\/users\/1"}],"replies":[{"embeddable":true,"href":"https:\/\/forumfamilie.net\/index.php?rest_route=%2Fwp%2Fv2%2Fcomments&post=25"}],"version-history":[{"count":3,"href":"https:\/\/forumfamilie.net\/index.php?rest_route=\/wp\/v2\/pages\/25\/revisions"}],"predecessor-version":[{"id":158,"href":"https:\/\/forumfamilie.net\/index.php?rest_route=\/wp\/v2\/pages\/25\/revisions\/158"}],"wp:attachment":[{"href":"https:\/\/forumfamilie.net\/index.php?rest_route=%2Fwp%2Fv2%2Fmedia&parent=25"}],"curies":[{"name":"wp","href":"https:\/\/api.w.org\/{rel}","templated":true}]}}