{"id":33,"date":"2018-12-18T11:59:29","date_gmt":"2018-12-18T11:59:29","guid":{"rendered":"http:\/\/forumfamilie.net\/?page_id=33"},"modified":"2018-12-18T11:59:59","modified_gmt":"2018-12-18T11:59:59","slug":"aufsuchende-familientherapie","status":"publish","type":"page","link":"https:\/\/forumfamilie.net\/?page_id=33","title":{"rendered":"Aufsuchende Familientherapie"},"content":{"rendered":"<div id=\"pl-33\"  class=\"panel-layout\" ><div id=\"pg-33-0\"  class=\"panel-grid panel-no-style\" ><div id=\"pgc-33-0-0\"  class=\"panel-grid-cell\" ><div id=\"panel-33-0-0-0\" class=\"so-panel widget widget_sow-editor panel-first-child panel-last-child\" data-index=\"0\" ><div class=\"so-widget-sow-editor so-widget-sow-editor-base\">\n<div class=\"siteorigin-widget-tinymce textwidget\">\n\t<p>Multiproblemfamilien sind f\u00fcr familienberaterische und -therapeutische Interventionen in einer klassischen \u201eKomm\u201c-Struktur h\u00e4ufig nicht erreichbar. Diesen Familien f\u00e4llt es leichter, therapeutische Angebote in aufsuchendem Setting anzunehmen. Dieses Setting tr\u00e4gt der besonderen Situation dieser Familien auf verschiedene Weise Rechnung:<\/p>\n<ul>\n<li>Die Familien haben einen \u201eHeimvorteil\u201c, d.h. sie bewegen sich in sicherem und vertrautem Rahmen; dadurch gewinnen sie Sicherheit und Schutz, der wiederum Voraussetzung f\u00fcr die \u00d6ffnung f\u00fcr Ver\u00e4nderungsprozesse ist.<\/li>\n<li>Die Therapeuten erleben die Familien in ihrem \u201enat\u00fcrlichen Umfeld\u201c und gewinnen so ein realistischeres Bild der Beziehungs- und Kommunikationsmuster, der Hemmnisse und St\u00f6rungen, aber auch potentieller bisher nicht genutzter Ressourcen.<\/li>\n<li>Handlungsalternativen k\u00f6nnen direkt vor Ort ausprobiert werden.<\/li>\n<li>Familienmitglieder, die der Hilfe besonders skeptisch gegen\u00fcber stehen, k\u00f6nnen leichter mit einbezogen werden.<\/li>\n<\/ul>\n<p>Die AFT richtet sich an Familien mit<\/p>\n<ul>\n<li>strukturellen Problemen (z.B. eskalierenden Beziehungskonflikten)<\/li>\n<li>dysfunktionale Beziehungsmuster (z.B. Gewalt, Selbstverletzung, Abwertung)<\/li>\n<li>starker Ambivalenz in Bezug auf den Zusammenhalt der Familie und den damit verbundenen Fragen zur m\u00f6glichen Fremdunterbringung der Kinder<\/li>\n<li>aktuellen Krisen (z.B. Adoleszenz-Krisen)<\/li>\n<li>chronischen klinischen Symptomen (z.B. Sucht, Depression, ADHS, Angst)<\/li>\n<\/ul>\n<p>Die jeweiligen Ziele werden dabei zu Beginn der Ma\u00dfnahme gemeinsam von Familie, Jugendamt und Therapeuten beschrieben. M\u00f6gliche Ziele einer AFT k\u00f6nnen z.B. lauten:<\/p>\n<ul>\n<li>Verbesserung der Beziehungsqualit\u00e4t in der Familie<\/li>\n<li>\u00dcbernahme von Eigenverantwortung<\/li>\n<li>Erweiterung des Verhaltensspielraums in Krisensituationen<\/li>\n<li>Vermeidung von Fremdunterbringung<\/li>\n<li>R\u00fcckf\u00fchrung eines Kindes aus einer Heimeinrichtung bzw. Pflegefamilie in die Familie<\/li>\n<li>Arbeit an bisher unbewussten inneren Konflikten und den damit verbundenen Verstrickung in den aktuellen Beziehungen<\/li>\n<li>An der Erreichung dieser Ziele arbeiten die Therapeuten mit den g\u00e4ngigen Methoden der oben beschriebenen systemischen Ans\u00e4tze.<\/li>\n<\/ul>\n<p>&nbsp;<\/p>\n<p>AFT umfasst folgende Leistungen:<\/p>\n<ul>\n<li>Arbeit in Co-Therapie<\/li>\n<li>Kooperation mit dem Jugendamt, Teilnahme an Helferkonferenzen<\/li>\n<li>Einbeziehung der beteiligten Institutionen und Helfer<\/li>\n<li>Regelm\u00e4\u00dfige Fallsupervision<\/li>\n<\/ul>\n<p>Der Zeitraum f\u00fcr die AFT betr\u00e4gt in der Regel <strong>6 Monate \u00e0 80 FLS (85% direkte, 15% indirekte Leistungen),<\/strong> <strong>plus Fahrzeit<\/strong>. Kurzfristig abgesagte Termine werden mit 1,5 FLS berechnet.<br \/>\nGesetzliche Grundlage der AFT sind \u00a7 27 und \u00a731 SGB VIII.<\/p>\n<\/div>\n<\/div><\/div><\/div><\/div><\/div>","protected":false},"excerpt":{"rendered":"<p>Multiproblemfamilien sind f\u00fcr familienberaterische und -therapeutische Interventionen in einer klassischen \u201eKomm\u201c-Struktur h\u00e4ufig nicht erreichbar. Diesen Familien f\u00e4llt es leichter, therapeutische Angebote in aufsuchendem Setting anzunehmen. Dieses Setting tr\u00e4gt der besonderen Situation dieser Familien auf verschiedene Weise Rechnung: Die Familien haben einen \u201eHeimvorteil\u201c, d.h. sie bewegen sich in sicherem und vertrautem Rahmen; dadurch gewinnen sie Sicherheit [&hellip;]<\/p>\n","protected":false},"author":1,"featured_media":0,"parent":0,"menu_order":6,"comment_status":"closed","ping_status":"closed","template":"","meta":[],"_links":{"self":[{"href":"https:\/\/forumfamilie.net\/index.php?rest_route=\/wp\/v2\/pages\/33"}],"collection":[{"href":"https:\/\/forumfamilie.net\/index.php?rest_route=\/wp\/v2\/pages"}],"about":[{"href":"https:\/\/forumfamilie.net\/index.php?rest_route=\/wp\/v2\/types\/page"}],"author":[{"embeddable":true,"href":"https:\/\/forumfamilie.net\/index.php?rest_route=\/wp\/v2\/users\/1"}],"replies":[{"embeddable":true,"href":"https:\/\/forumfamilie.net\/index.php?rest_route=%2Fwp%2Fv2%2Fcomments&post=33"}],"version-history":[{"count":1,"href":"https:\/\/forumfamilie.net\/index.php?rest_route=\/wp\/v2\/pages\/33\/revisions"}],"predecessor-version":[{"id":34,"href":"https:\/\/forumfamilie.net\/index.php?rest_route=\/wp\/v2\/pages\/33\/revisions\/34"}],"wp:attachment":[{"href":"https:\/\/forumfamilie.net\/index.php?rest_route=%2Fwp%2Fv2%2Fmedia&parent=33"}],"curies":[{"name":"wp","href":"https:\/\/api.w.org\/{rel}","templated":true}]}}