{"id":35,"date":"2018-12-18T12:01:05","date_gmt":"2018-12-18T12:01:05","guid":{"rendered":"http:\/\/forumfamilie.net\/?page_id=35"},"modified":"2018-12-18T12:01:05","modified_gmt":"2018-12-18T12:01:05","slug":"systemische-spfh","status":"publish","type":"page","link":"https:\/\/forumfamilie.net\/?page_id=35","title":{"rendered":"Systemische SPFH"},"content":{"rendered":"<div id=\"pl-35\"  class=\"panel-layout\" ><div id=\"pg-35-0\"  class=\"panel-grid panel-no-style\" ><div id=\"pgc-35-0-0\"  class=\"panel-grid-cell\" ><div id=\"panel-35-0-0-0\" class=\"so-panel widget widget_sow-editor panel-first-child panel-last-child\" data-index=\"0\" ><div class=\"so-widget-sow-editor so-widget-sow-editor-base\">\n<div class=\"siteorigin-widget-tinymce textwidget\">\n\t<p>Die Sozialp\u00e4dagogische Familienhilfe hat als prim\u00e4re Aufgabenstellung die Wiederherstellung, F\u00f6rderung und Sicherung der Erziehungskraft der Familie.<br \/>\nAlle Handlungsschritte der Fachkraft sind abgestimmt und ausgerichtet auf die Kooperations- bereitschaft und die F\u00e4higkeiten der Familienmitglieder. Ziel ist die Hilfe zur Selbsthilfe.<br \/>\nDas Kindeswohl gilt hierbei als handlungsleitendes Prinzip. Alle Beteiligten sind angehalten, stets auch m\u00f6gliche, das Kindeswohl gef\u00e4hrdende Aspekte zu pr\u00fcfen und bei Bedarf in Kooperation mit dem Jugendamt ein angemessenes Schutzkonzept zu erarbeiten (vgl. \u00a7 8a SGB VIII und Pkt. 4. Umgang mit Kindeswohlgef\u00e4hrdung gem. \u00a7 8a SGB VIII).<br \/>\nDie rechtzeitige und umfassende Beteiligung aller Familienangeh\u00f6rigen \u2013 insbesondere auch die altersgem\u00e4\u00dfe Partizipation der Kinder und Jugendlichen \u2013 ist f\u00fcr den Erfolg dieser Hilfeleistung mitbestimmend. Indem alle Beteiligten ihre individuellen Vorstellungen, Erwartungen und Zielsetzungen formulieren, bekunden sie ihre Mitwirkungsbereitschaft. Sie werden gefordert, aktiv zu werden und \u00fcbernehmen damit Verantwortung f\u00fcr sich selbst. Im Idealfall erarbeiten sie eigenst\u00e4ndig pers\u00f6nliche Handlungs- und Zielperspektiven.<br \/>\nDie Leistungsinhalte der Sozialp\u00e4dagogischen Familienhilfe werden wie folgt beschrieben:<\/p>\n<ul>\n<li>Die famili\u00e4ren Ressourcen werden soweit wie m\u00f6glich und notwendig unterst\u00fctzt, gef\u00f6rdert und stabilisiert, um das Kindeswohl innerhalb der Familie zu sichern, wiederherzustellen oder gegebenenfalls eine R\u00fcckf\u00fchrung aus einer station\u00e4ren Unterbringung zu erm\u00f6glichen<\/li>\n<li>lebenspraktische Aufgaben werden soweit begleitet, dass Kinder, Jugendliche und Personensorgeberechtigte ihren Lebensalltag angemessen, selbstst\u00e4ndig und eigenverantwortlich gestalten k\u00f6nnen<\/li>\n<li>die Erziehung der Kinder\/Jugendlichen wird sowohl im innerfamili\u00e4ren als auch im au\u00dferfamili\u00e4ren Bereich in geeigneter Form unterst\u00fctzt und begleitet, um eine positive Entwicklung der Kinder zu f\u00f6rdern<\/li>\n<li>das soziale Umfeld wird einbezogen und die vorhandenen \u00f6rtlichen Ressourcen werden f\u00fcr die Familie sichtbar und nutzbar gemacht<br \/>\n<span style=\"color: #808080;\"><span style=\"font-size: small;\">(Quelle BLJA: fachliche Empfehlungen f\u00fcr die SPFH \u00a7 31 SGB VII)<\/span><\/span><\/li>\n<\/ul>\n<p>\u201eFORUM FAMILIE\u201c erarbeitet mit allen Familienmitgliedern eigenst\u00e4ndige, pers\u00f6nliche Handlungs- und Zielperspektiven. Um erfolgreiche L\u00f6sungsstrategien zu entwickeln, arbeiten wir mit unterschiedlichen systemischen Methoden, damit die Familie dahingehend unterst\u00fctzt wird eigene L\u00f6sungen zu finden. Wir w\u00fcrdigen die Eltern als Experten f\u00fcr ihr eigenes System und\/oder unterst\u00fctzen die Eltern darin eine verantwortungsvolle elterliche Haltung zu \u00fcbernehmen.<\/p>\n<p>Vorrangig wird die Familie in folgenden Bereichen unterst\u00fctzt:<\/p>\n<ul>\n<li><strong>Erziehungsaufgaben<\/strong><br \/>\nWir unterst\u00fctzen die Familien bei Erziehungsfragen um neue positive Erziehungsmuster zu stabilisieren, sowie alternative Handlungs- und Verhaltensmuster gemeinsam zu entwickeln<\/li>\n<li><strong>Bew\u00e4ltigung von Alltagsaufgaben, Kontakt mit \u00c4mtern und Institutionen<\/strong><br \/>\nWir helfen bei der Strukturierung des Familienalltags und bei dessen praktischer Umsetzung und entlasten bei der Bew\u00e4ltigung von Alltagsaufgaben. Wir geben Unterst\u00fctzung beim Aufbau von Kontakten im Sozialraum und begleiten die Familie gegebenenfalls zu \u00c4mtern und Institutionen.<\/li>\n<li><strong>Bearbeitung von Konflikten und Krisen<\/strong><br \/>\nWir unterst\u00fctzen Familien bei der Krisenbew\u00e4ltigung und erarbeiten gemeinsame L\u00f6sungswege.<br \/>\nBei Bedarf werden weitere Fachkr\u00e4fte (\u00c4rzte Therapeuten) zugeschaltet. Der Fokus wird dabei immer auf die Sicherstellung des Kindeswohls gerichtet.<\/li>\n<li><strong>Abwehr von Gef\u00e4hrdungssituationen<\/strong><br \/>\nDie zentrale Aufgabe der SPFH ist es, alle notwendigen Ma\u00dfnahmen zur Abwendung der Kindeswohlgef\u00e4hrdung zu installieren. Ziel der SPFH ist durch klar strukturierte und \u00fcberpr\u00fcfbare ambulante Arbeit mit den Eltern die Erziehungsbedingung wieder zu stabilisieren. Vorrangige Aufgabe ist, ausreichende Lebens- und Entwicklungsbedingungen f\u00fcr die Kinder in ihren hochbelasteten Familien zu schaffen und die Handlungsf\u00e4higkeit der Eltern soweit herzustellen, dass eine Herausnahme der Kinder abgewendet werden kann.<\/li>\n<li><strong>Anbindung der Familie in den Sozialraum<\/strong><br \/>\nWir unterst\u00fctzen die Familie bei der Anbindung und Vernetzung in ihrem jeweiligen Sozialraum. Im Sinne der Hilfe zur Selbsthilfe vermittelt und\/oder begleitet die Fachkraft die Familie bzw. einzelne Familienmitglieder zu sozialen Diensten und Einrichtungen, Beratungsstellen oder sonstigen offenen Angeboten. Durch die Integration in den Sozialraum kann die Familie selbstst\u00e4ndig auf ihren Bedarf reagieren und damit ihr Selbsthilfepotenzial st\u00e4rken. Dies ist vor allem wichtig, um die Familien langfristig von dauernder Hilfeleistung durch das Jugendamt unabh\u00e4ngig zu machen.<\/li>\n<\/ul>\n<p>Gesetzliche Grundlage der SPFH ist \u00a731 SGB VIII<br \/>\n<strong>Flexible Laufzeit 6-9 Monate, fest vereinbartes Stundenkontingent inkl. Fahrzeit (85% direkte, 15% indirekte Leistungen) Co-Arbeit m\u00f6glich.<\/strong> Kurzfristig abgesagte Termine werden mit maximal 2,00 FLS berechnet.<\/p>\n<\/div>\n<\/div><\/div><\/div><\/div><\/div>","protected":false},"excerpt":{"rendered":"<p>Die Sozialp\u00e4dagogische Familienhilfe hat als prim\u00e4re Aufgabenstellung die Wiederherstellung, F\u00f6rderung und Sicherung der Erziehungskraft der Familie. Alle Handlungsschritte der Fachkraft sind abgestimmt und ausgerichtet auf die Kooperations- bereitschaft und die F\u00e4higkeiten der Familienmitglieder. Ziel ist die Hilfe zur Selbsthilfe. Das Kindeswohl gilt hierbei als handlungsleitendes Prinzip. Alle Beteiligten sind angehalten, stets auch m\u00f6gliche, das Kindeswohl [&hellip;]<\/p>\n","protected":false},"author":1,"featured_media":0,"parent":0,"menu_order":7,"comment_status":"closed","ping_status":"closed","template":"","meta":[],"_links":{"self":[{"href":"https:\/\/forumfamilie.net\/index.php?rest_route=\/wp\/v2\/pages\/35"}],"collection":[{"href":"https:\/\/forumfamilie.net\/index.php?rest_route=\/wp\/v2\/pages"}],"about":[{"href":"https:\/\/forumfamilie.net\/index.php?rest_route=\/wp\/v2\/types\/page"}],"author":[{"embeddable":true,"href":"https:\/\/forumfamilie.net\/index.php?rest_route=\/wp\/v2\/users\/1"}],"replies":[{"embeddable":true,"href":"https:\/\/forumfamilie.net\/index.php?rest_route=%2Fwp%2Fv2%2Fcomments&post=35"}],"version-history":[{"count":1,"href":"https:\/\/forumfamilie.net\/index.php?rest_route=\/wp\/v2\/pages\/35\/revisions"}],"predecessor-version":[{"id":36,"href":"https:\/\/forumfamilie.net\/index.php?rest_route=\/wp\/v2\/pages\/35\/revisions\/36"}],"wp:attachment":[{"href":"https:\/\/forumfamilie.net\/index.php?rest_route=%2Fwp%2Fv2%2Fmedia&parent=35"}],"curies":[{"name":"wp","href":"https:\/\/api.w.org\/{rel}","templated":true}]}}