{"id":37,"date":"2018-12-18T12:03:05","date_gmt":"2018-12-18T12:03:05","guid":{"rendered":"http:\/\/forumfamilie.net\/?page_id=37"},"modified":"2019-01-01T21:44:26","modified_gmt":"2019-01-01T21:44:26","slug":"qualitaetssicherung","status":"publish","type":"page","link":"https:\/\/forumfamilie.net\/?page_id=37","title":{"rendered":"Qualit\u00e4tssicherung"},"content":{"rendered":"<div id=\"pl-37\"  class=\"panel-layout\" ><div id=\"pg-37-0\"  class=\"panel-grid panel-no-style\" ><div id=\"pgc-37-0-0\"  class=\"panel-grid-cell\" ><div id=\"panel-37-0-0-0\" class=\"so-panel widget widget_sow-editor panel-first-child panel-last-child\" data-index=\"0\" ><div class=\"so-widget-sow-editor so-widget-sow-editor-base\">\n<div class=\"siteorigin-widget-tinymce textwidget\">\n\t<p>&nbsp;<\/p>\n<p>&nbsp;<\/p>\n<\/div>\n<\/div><\/div><\/div><\/div><div id=\"pg-37-1\"  class=\"panel-grid panel-no-style\" ><div id=\"pgc-37-1-0\"  class=\"panel-grid-cell panel-grid-cell-mobile-last\" ><div id=\"panel-37-1-0-0\" class=\"so-panel widget widget_sow-image panel-first-child panel-last-child\" data-index=\"1\" ><div class=\"so-widget-sow-image so-widget-sow-image-default-d6014b76747a\">\n\n<div class=\"sow-image-container\">\n\t<img src=\"https:\/\/forumfamilie.net\/wp-content\/uploads\/2019\/01\/dgsf.png\" width=\"200\" height=\"62\" sizes=\"(max-width: 200px) 100vw, 200px\" alt=\"Logo dgsf\" \t\tclass=\"so-widget-image\"\/>\n<\/div>\n\n<\/div><\/div><\/div><div id=\"pgc-37-1-1\"  class=\"panel-grid-cell panel-grid-cell-empty\" ><\/div><\/div><div id=\"pg-37-2\"  class=\"panel-grid panel-no-style\" ><div id=\"pgc-37-2-0\"  class=\"panel-grid-cell\" ><div id=\"panel-37-2-0-0\" class=\"so-panel widget widget_sow-editor panel-first-child panel-last-child\" data-index=\"2\" ><div class=\"so-widget-sow-editor so-widget-sow-editor-base\">\n<div class=\"siteorigin-widget-tinymce textwidget\">\n\t<p>&nbsp;<\/p>\n<p>Wir sind Mitglied in der Gesellschaft f\u00fcr Systemische Familientherapie (DGSF).<br \/>\n\u201eFORUM FAMILIE\u201c orientiert sich an den Standards der Aufsuchenden Familientherapie, wie sie von der Gesellschaft f\u00fcr Systemische Familientherapie (DGSF) verabschiedet wurden. Diese umfassen u.a. Co-Arbeit und regelm\u00e4\u00dfige Team- und Fallsupervision.<\/p>\n<p>&nbsp;<\/p>\n<p>&nbsp;<\/p>\n<p>&nbsp;<\/p>\n<p>&nbsp;<\/p>\n<p>&nbsp;<\/p>\n<\/div>\n<\/div><\/div><\/div><\/div><\/div>","protected":false},"excerpt":{"rendered":"<p>&nbsp; &nbsp;<\/p>\n","protected":false},"author":1,"featured_media":0,"parent":0,"menu_order":8,"comment_status":"closed","ping_status":"closed","template":"","meta":[],"_links":{"self":[{"href":"https:\/\/forumfamilie.net\/index.php?rest_route=\/wp\/v2\/pages\/37"}],"collection":[{"href":"https:\/\/forumfamilie.net\/index.php?rest_route=\/wp\/v2\/pages"}],"about":[{"href":"https:\/\/forumfamilie.net\/index.php?rest_route=\/wp\/v2\/types\/page"}],"author":[{"embeddable":true,"href":"https:\/\/forumfamilie.net\/index.php?rest_route=\/wp\/v2\/users\/1"}],"replies":[{"embeddable":true,"href":"https:\/\/forumfamilie.net\/index.php?rest_route=%2Fwp%2Fv2%2Fcomments&post=37"}],"version-history":[{"count":12,"href":"https:\/\/forumfamilie.net\/index.php?rest_route=\/wp\/v2\/pages\/37\/revisions"}],"predecessor-version":[{"id":153,"href":"https:\/\/forumfamilie.net\/index.php?rest_route=\/wp\/v2\/pages\/37\/revisions\/153"}],"wp:attachment":[{"href":"https:\/\/forumfamilie.net\/index.php?rest_route=%2Fwp%2Fv2%2Fmedia&parent=37"}],"curies":[{"name":"wp","href":"https:\/\/api.w.org\/{rel}","templated":true}]}}